{"id":1768,"date":"2017-09-03T21:24:59","date_gmt":"2017-09-03T21:24:59","guid":{"rendered":"http:\/\/www.posture.cl\/site\/?page_id=1768"},"modified":"2018-06-04T13:52:11","modified_gmt":"2018-06-04T13:52:11","slug":"tratamiento-cefaleas-migranas","status":"publish","type":"page","link":"http:\/\/www.posture.cl\/site\/kinesiologia-integrativa\/tratamiento-cefaleas-migranas\/","title":{"rendered":"Tratamiento para Cefaleas y Migra\u00f1as"},"content":{"rendered":"<div class=\"wpb-content-wrapper\"><p>[vc_row][vc_column][vc_gallery type=&#8221;image_grid&#8221; images=&#8221;2446,2443&#8243; img_size=&#8221;medium&#8221;][\/vc_column][\/vc_row][vc_row][vc_column][mnky_heading title=&#8221;\u00bfEn qu\u00e9 consiste?&#8221; color=&#8221;#04a6bd&#8221; position=&#8221;left&#8221;][vc_column_text el_class=&#8221;.texto-justificado&#8221;]A partir de bases neuromecanicas, se utilizan\u00a0 t\u00e9cnicas especificas que\u00a0 permiten\u00a0 el alivio y la recuperaci\u00f3n\u00a0 de cefaleas y migra\u00f1as cr\u00f3nicas.<\/p>\n<p>Otros beneficios que permite esta terapia:<\/p>\n<ul>\n<li>Mejora el flujo sangu\u00edneo cerebral<\/li>\n<li>Mejora la concentraci\u00f3n<\/li>\n<li>Mejora el drenaje y liberaci\u00f3n de toxinas<\/li>\n<li>Mejora el estado de \u00e1nimo y la calidad del sue\u00f1o<\/li>\n<\/ul>\n<p>[\/vc_column_text][vc_empty_space][vc_gallery type=&#8221;image_grid&#8221; images=&#8221;2439,2440,2437&#8243;][vc_empty_space][vc_column_text el_class=&#8221;.azul&#8221;]<\/p>\n<h4>Valor Tratamiento para Cefaleas y Migra\u00f1as,\u00a0Kinesiolog\u00eda Integrativa<\/h4>\n<h4>Sesi\u00f3n de 1 hora $18.000<\/h4>\n<p>[\/vc_column_text][vc_empty_space][mnky_heading title=&#8221;Puedes solicitar tu reserva para Tratamiento para Cefaleas y Migra\u00f1as&#8221;][vc_empty_space][vc_single_image image=&#8221;2069&#8243; img_size=&#8221;full&#8221; alignment=&#8221;center&#8221; onclick=&#8221;custom_link&#8221; link=&#8221;http:\/\/www.posture.cl\/site\/kinesiologia\/tratamiento-para-cefaleas-y-migranas-reservas\/&#8221;][vc_row_inner][vc_column_inner][\/vc_column_inner][\/vc_row_inner][\/vc_column][\/vc_row]<\/p>\n<\/div>","protected":false},"excerpt":{"rendered":"<p>[vc_row][vc_column][vc_gallery type=&#8221;image_grid&#8221; images=&#8221;2446,2443&#8243; img_size=&#8221;medium&#8221;][\/vc_column][\/vc_row][vc_row][vc_column][mnky_heading title=&#8221;\u00bfEn qu\u00e9 consiste?&#8221; color=&#8221;#04a6bd&#8221; position=&#8221;left&#8221;][vc_column_text el_class=&#8221;.texto-justificado&#8221;]A partir de bases neuromecanicas, se utilizan\u00a0 t\u00e9cnicas especificas que\u00a0 permiten\u00a0 el alivio y la recuperaci\u00f3n\u00a0 de cefaleas y migra\u00f1as cr\u00f3nicas. Otros beneficios que permite esta terapia: Mejora el flujo sangu\u00edneo cerebral Mejora la concentraci\u00f3n Mejora el drenaje y liberaci\u00f3n de toxinas Mejora el estado de [&hellip;]<\/p>\n","protected":false},"author":1,"featured_media":1770,"parent":2292,"menu_order":0,"comment_status":"closed","ping_status":"closed","template":"page-left-sidebar.php","meta":{"footnotes":""},"_links":{"self":[{"href":"http:\/\/www.posture.cl\/site\/wp-json\/wp\/v2\/pages\/1768"}],"collection":[{"href":"http:\/\/www.posture.cl\/site\/wp-json\/wp\/v2\/pages"}],"about":[{"href":"http:\/\/www.posture.cl\/site\/wp-json\/wp\/v2\/types\/page"}],"author":[{"embeddable":true,"href":"http:\/\/www.posture.cl\/site\/wp-json\/wp\/v2\/users\/1"}],"replies":[{"embeddable":true,"href":"http:\/\/www.posture.cl\/site\/wp-json\/wp\/v2\/comments?post=1768"}],"version-history":[{"count":27,"href":"http:\/\/www.posture.cl\/site\/wp-json\/wp\/v2\/pages\/1768\/revisions"}],"predecessor-version":[{"id":2675,"href":"http:\/\/www.posture.cl\/site\/wp-json\/wp\/v2\/pages\/1768\/revisions\/2675"}],"up":[{"embeddable":true,"href":"http:\/\/www.posture.cl\/site\/wp-json\/wp\/v2\/pages\/2292"}],"wp:featuredmedia":[{"embeddable":true,"href":"http:\/\/www.posture.cl\/site\/wp-json\/wp\/v2\/media\/1770"}],"wp:attachment":[{"href":"http:\/\/www.posture.cl\/site\/wp-json\/wp\/v2\/media?parent=1768"}],"curies":[{"name":"wp","href":"https:\/\/api.w.org\/{rel}","templated":true}]}}