{"id":2294,"date":"2018-04-09T22:17:30","date_gmt":"2018-04-09T22:17:30","guid":{"rendered":"http:\/\/www.posture.cl\/site\/?page_id=2294"},"modified":"2018-06-04T13:54:16","modified_gmt":"2018-06-04T13:54:16","slug":"puncion-seca","status":"publish","type":"page","link":"http:\/\/www.posture.cl\/site\/kinesiologia-integrativa\/puncion-seca\/","title":{"rendered":"Punci\u00f3n Seca"},"content":{"rendered":"<div class=\"wpb-content-wrapper\"><p>[vc_row][vc_column width=&#8221;1\/2&#8243;][vc_single_image image=&#8221;2298&#8243; img_size=&#8221;full&#8221;][\/vc_column][vc_column width=&#8221;1\/2&#8243;][mnky_heading title=&#8221;\u00bfEn qu\u00e9 consiste?&#8221; color=&#8221;#04a6bd&#8221; position=&#8221;left&#8221;][vc_column_text el_class=&#8221;.texto-justificado&#8221;]La\u00a0punci\u00f3n\u00a0seca\u00a0es una t\u00e9cnica\u00a0 que utiliza\u00a0agujas de acupuntura\u00a0para el tratamiento del s\u00edndrome de dolor\u00a0miofascial, s\u00edndrome producido por los\u00a0puntos de gatillo. Se usa el adjetivo \u201cseca\u201d para enfatizar el hecho de que no se emplea ning\u00fan agente qu\u00edmico y distinguirla de otras t\u00e9cnicas invasivas en las que se infiltra alguna sustancia.[\/vc_column_text][\/vc_column][\/vc_row][vc_row][vc_column][vc_column_text el_class=&#8221;.texto-justificado&#8221;]La punci\u00f3n seca v\u00eda estimulaci\u00f3n de fibras nociceptivas combinada con electro estimulaci\u00f3n, activar\u00eda interneuronas inhibitorias encefalin\u00e9rgicas a nivel del asta dorsal. Lapunci\u00f3n seca inducir\u00e1 un mejoramiento en el control modulatorio del dolor, normaliza el PH y restaura la microcirculaci\u00f3n local.<\/p>\n<p>La punci\u00f3n de los m\u00fasculos profundos aumenta la estimulaci\u00f3n de receptores polimodales nociceptivos sensitizados, incrementando el efecto analg\u00e9sico. Las eferentes musculares de analgesia por acupuntura son m\u00e1s importantes que en la piel o fascia. La estimulaci\u00f3n paraespinal de los puntos gatillo conforme a su origen metam\u00e9rico es m\u00e1s efectiva que la sola estimulaci\u00f3n profunda local del punto gatillo. El examen y el tratamiento siempre debe incluir la columna vertebral.<\/p>\n<p>Los puntos de gatillo son zonas d\u00e9biles del m\u00fasculo y muy sensibles\u00a0a la palpaci\u00f3n,\u00a0que por lo general se forman\u00a0en los m\u00fasculos que mantienen nuestra postura. Ellos se originan cuando varias\u00a0sarc\u00f3meras\u00a0(regiones de la fibra muscular donde se produce la contracci\u00f3n del m\u00fasculo) se quedan permanentemente contra\u00eddas (debido a la liberaci\u00f3n continua de un\u00a0neurotransmisor\u00a0llamado\u00a0acetilcolina\u00a0que\u00a0impide que las fibras se relajen), lo que disminuye el flujo sangu\u00edneo. Esa disminuci\u00f3n del flujo sangu\u00edneo no permite la correcta nutrici\u00f3n ni la correcta limpieza de los desechos de las c\u00e9lulas; adem\u00e1s de hacer que el dolor\u00a0se irradie\u00a0y se extienda.<\/p>\n<p>Los puntos gatillo tienen unas caracter\u00edsticas concretas ampliamente estudiadas y pueden ser de diferentes tipos o estar en diferentes estados, estos puntos pueden aparecer por diversas causas: una corriente fr\u00eda que afecta directamente al m\u00fasculo, un movimiento repetitivo, mantener el m\u00fasculo durante largo tiempo en una posici\u00f3n acortada, un golpe o incluso una inyecci\u00f3n.<\/p>\n<p>Existen diferentes tipos de puntos de gatillo, o \u00e9stos pueden estar en diferentes estados. A continuaci\u00f3n enumeraremos y explicaremos brevemente cada uno de ellos:<\/p>\n<ul>\n<li>Punto gatillo activo:es siempre doloroso y tiene una respuesta de espasmo local a la presi\u00f3n. No permite el estiramiento completo del m\u00fasculo y lo debilita, adem\u00e1s de reproducir el dolor en zonas alejadas al punto donde se palpa.<\/li>\n<li>Punto gatillo latente:solo duele cuando es palpado.<\/li>\n<li>Punto gatillo central:\u00edntimamente relacionado con las fibras musculares que no funcionan bien. Se localiza cerca del centro de la fibra muscular.<\/li>\n<li>Punto gatillo clave:responsable de la activaci\u00f3n de uno m\u00e1s puntos gatillo en la misma zona en el que se irradia el dolor, a los que se les llama puntos gatillo sat\u00e9lite. Cuando se desactiva el punto de gatillo clave los puntos de gatillo sat\u00e9lites tambi\u00e9n.<\/li>\n<li>Punto gatillo sat\u00e9lite:\u00a0punto de gatillo que se activa por un punto gatillo clave.<\/li>\n<li>Punto gatillo primario:es el activado por un movimiento repetitivo o por una sobrecarga aguda o cr\u00f3nica sin que medie otro m\u00fasculo en su activaci\u00f3n.<\/li>\n<\/ul>\n<p>[\/vc_column_text][vc_empty_space][vc_gallery type=&#8221;image_grid&#8221; images=&#8221;2465,2464,2463&#8243;][vc_empty_space][vc_column_text el_class=&#8221;.azul&#8221;]<\/p>\n<h4>Valor Tratamiento Kinesiolog\u00eda Integrativa<\/h4>\n<h4>Sesi\u00f3n de 1 hora $18.000<\/h4>\n<p>[\/vc_column_text][vc_empty_space][mnky_heading title=&#8221;Puedes solicitar tu reserva para tu atenci\u00f3n&#8221;][vc_empty_space][vc_single_image image=&#8221;2069&#8243; img_size=&#8221;full&#8221; alignment=&#8221;center&#8221; onclick=&#8221;custom_link&#8221; css_animation=&#8221;fadeIn&#8221; link=&#8221;http:\/\/www.posture.cl\/site\/kinesiologia-integrativa\/puncion-seca-2\/&#8221;][\/vc_column][\/vc_row]<\/p>\n<\/div>","protected":false},"excerpt":{"rendered":"<p>[vc_row][vc_column width=&#8221;1\/2&#8243;][vc_single_image image=&#8221;2298&#8243; img_size=&#8221;full&#8221;][\/vc_column][vc_column width=&#8221;1\/2&#8243;][mnky_heading title=&#8221;\u00bfEn qu\u00e9 consiste?&#8221; color=&#8221;#04a6bd&#8221; position=&#8221;left&#8221;][vc_column_text el_class=&#8221;.texto-justificado&#8221;]La\u00a0punci\u00f3n\u00a0seca\u00a0es una t\u00e9cnica\u00a0 que utiliza\u00a0agujas de acupuntura\u00a0para el tratamiento del s\u00edndrome de dolor\u00a0miofascial, s\u00edndrome producido por los\u00a0puntos de gatillo. Se usa el adjetivo \u201cseca\u201d para enfatizar el hecho de que no se emplea ning\u00fan agente qu\u00edmico y distinguirla de otras t\u00e9cnicas invasivas en las que [&hellip;]<\/p>\n","protected":false},"author":1,"featured_media":2298,"parent":2292,"menu_order":0,"comment_status":"closed","ping_status":"closed","template":"page-left-sidebar.php","meta":{"footnotes":""},"_links":{"self":[{"href":"http:\/\/www.posture.cl\/site\/wp-json\/wp\/v2\/pages\/2294"}],"collection":[{"href":"http:\/\/www.posture.cl\/site\/wp-json\/wp\/v2\/pages"}],"about":[{"href":"http:\/\/www.posture.cl\/site\/wp-json\/wp\/v2\/types\/page"}],"author":[{"embeddable":true,"href":"http:\/\/www.posture.cl\/site\/wp-json\/wp\/v2\/users\/1"}],"replies":[{"embeddable":true,"href":"http:\/\/www.posture.cl\/site\/wp-json\/wp\/v2\/comments?post=2294"}],"version-history":[{"count":13,"href":"http:\/\/www.posture.cl\/site\/wp-json\/wp\/v2\/pages\/2294\/revisions"}],"predecessor-version":[{"id":2677,"href":"http:\/\/www.posture.cl\/site\/wp-json\/wp\/v2\/pages\/2294\/revisions\/2677"}],"up":[{"embeddable":true,"href":"http:\/\/www.posture.cl\/site\/wp-json\/wp\/v2\/pages\/2292"}],"wp:featuredmedia":[{"embeddable":true,"href":"http:\/\/www.posture.cl\/site\/wp-json\/wp\/v2\/media\/2298"}],"wp:attachment":[{"href":"http:\/\/www.posture.cl\/site\/wp-json\/wp\/v2\/media?parent=2294"}],"curies":[{"name":"wp","href":"https:\/\/api.w.org\/{rel}","templated":true}]}}