{"id":2302,"date":"2018-04-09T22:27:05","date_gmt":"2018-04-09T22:27:05","guid":{"rendered":"http:\/\/www.posture.cl\/site\/?page_id=2302"},"modified":"2018-06-04T13:55:52","modified_gmt":"2018-06-04T13:55:52","slug":"kinetixcer","status":"publish","type":"page","link":"http:\/\/www.posture.cl\/site\/kinesiologia-integrativa\/kinetixcer\/","title":{"rendered":"Kinetixcer \u00ae"},"content":{"rendered":"<div class=\"wpb-content-wrapper\"><p>[vc_row][vc_column][\/vc_column][\/vc_row][vc_row][vc_column width=&#8221;1\/2&#8243;][vc_single_image image=&#8221;2305&#8243; img_size=&#8221;full&#8221;][\/vc_column][vc_column width=&#8221;1\/2&#8243;][mnky_heading title=&#8221;\u00bfEn qu\u00e9 consiste?&#8221; color=&#8221;#04a6bd&#8221; position=&#8221;left&#8221;][vc_column_text el_class=&#8221;.texto-justificado&#8221;]KineticXer \u00ae es un concepto innovador dentro del concepto de terapias instrumentales. Ha dise\u00f1ado sus instrumentos especialmente para desarrollar sus t\u00e9cnicas, bajo principios ergon\u00f3micos y ha creado nuevas t\u00e9cnicas que se explican por medio del concepto TensoActivo.<\/p>\n<p>KineticXer incorpora variantes de uso diagn\u00f3stico y tratamiento de tejidos blandos en general, orientadas al tratamiento de fascias, tendones, m\u00fasculos, nervios y sistema circulatorio en general.[\/vc_column_text][\/vc_column][\/vc_row][vc_row][vc_column][vc_column_text el_class=&#8221;.texto-justificado&#8221;]Adem\u00e1s de buscar los efectos terap\u00e9uticos tradicionales como son la liberaci\u00f3n de adherencias, cicatrices y mejoramiento de la circulaci\u00f3n local de los tejidos diana, KineticXer ha creado aplicaciones para potenciar los efectos regenerativos tisulares en todos sus instrumentos. \u00a0Asimismo ha evolucionado las aplicaciones hacia t\u00e9cnicas TensoActivas que permiten manejar el tono muscular local, estimulando o inhibiendo cadenas miofasciales, para lo cual \u00a0innov\u00f3 mediante la versatilidad de su instrumental que potencia sus efectos mecanotransductores.[\/vc_column_text][vc_empty_space][vc_single_image image=&#8221;2547&#8243; img_size=&#8221;large&#8221;][vc_empty_space][vc_column_text el_class=&#8221;.azul&#8221;]<\/p>\n<h4>Valor Tratamiento Kinesiolog\u00eda Integrativa<\/h4>\n<h4>Sesi\u00f3n de 1 hora $18.000<\/h4>\n<p>[\/vc_column_text][vc_empty_space][mnky_heading title=&#8221;Puedes solicitar tu reserva para Kinetixcer \u00ae&#8221;][vc_empty_space][vc_single_image image=&#8221;2069&#8243; img_size=&#8221;full&#8221; alignment=&#8221;center&#8221; onclick=&#8221;custom_link&#8221; css_animation=&#8221;fadeIn&#8221; link=&#8221;http:\/\/www.posture.cl\/site\/kinesiologia-integrativa\/kinetixcer-reserva\/&#8221;][\/vc_column][\/vc_row]<\/p>\n<\/div>","protected":false},"excerpt":{"rendered":"<p>[vc_row][vc_column][\/vc_column][\/vc_row][vc_row][vc_column width=&#8221;1\/2&#8243;][vc_single_image image=&#8221;2305&#8243; img_size=&#8221;full&#8221;][\/vc_column][vc_column width=&#8221;1\/2&#8243;][mnky_heading title=&#8221;\u00bfEn qu\u00e9 consiste?&#8221; color=&#8221;#04a6bd&#8221; position=&#8221;left&#8221;][vc_column_text el_class=&#8221;.texto-justificado&#8221;]KineticXer \u00ae es un concepto innovador dentro del concepto de terapias instrumentales. Ha dise\u00f1ado sus instrumentos especialmente para desarrollar sus t\u00e9cnicas, bajo principios ergon\u00f3micos y ha creado nuevas t\u00e9cnicas que se explican por medio del concepto TensoActivo. KineticXer incorpora variantes de uso diagn\u00f3stico y tratamiento [&hellip;]<\/p>\n","protected":false},"author":1,"featured_media":2305,"parent":2292,"menu_order":0,"comment_status":"closed","ping_status":"closed","template":"page-left-sidebar.php","meta":{"footnotes":""},"_links":{"self":[{"href":"http:\/\/www.posture.cl\/site\/wp-json\/wp\/v2\/pages\/2302"}],"collection":[{"href":"http:\/\/www.posture.cl\/site\/wp-json\/wp\/v2\/pages"}],"about":[{"href":"http:\/\/www.posture.cl\/site\/wp-json\/wp\/v2\/types\/page"}],"author":[{"embeddable":true,"href":"http:\/\/www.posture.cl\/site\/wp-json\/wp\/v2\/users\/1"}],"replies":[{"embeddable":true,"href":"http:\/\/www.posture.cl\/site\/wp-json\/wp\/v2\/comments?post=2302"}],"version-history":[{"count":9,"href":"http:\/\/www.posture.cl\/site\/wp-json\/wp\/v2\/pages\/2302\/revisions"}],"predecessor-version":[{"id":2678,"href":"http:\/\/www.posture.cl\/site\/wp-json\/wp\/v2\/pages\/2302\/revisions\/2678"}],"up":[{"embeddable":true,"href":"http:\/\/www.posture.cl\/site\/wp-json\/wp\/v2\/pages\/2292"}],"wp:featuredmedia":[{"embeddable":true,"href":"http:\/\/www.posture.cl\/site\/wp-json\/wp\/v2\/media\/2305"}],"wp:attachment":[{"href":"http:\/\/www.posture.cl\/site\/wp-json\/wp\/v2\/media?parent=2302"}],"curies":[{"name":"wp","href":"https:\/\/api.w.org\/{rel}","templated":true}]}}