{"id":2309,"date":"2018-04-11T15:09:29","date_gmt":"2018-04-11T15:09:29","guid":{"rendered":"http:\/\/www.posture.cl\/site\/?page_id=2309"},"modified":"2018-06-04T14:03:41","modified_gmt":"2018-06-04T14:03:41","slug":"manejo-de-tejidos-blandos","status":"publish","type":"page","link":"http:\/\/www.posture.cl\/site\/kinesiologia-integrativa\/manejo-de-tejidos-blandos\/","title":{"rendered":"Manejo de tejidos blandos"},"content":{"rendered":"<div class=\"wpb-content-wrapper\"><p>[vc_row][vc_column][vc_gallery type=&#8221;image_grid&#8221; images=&#8221;2313,2314&#8243; img_size=&#8221;medium&#8221;][vc_empty_space][mnky_heading title=&#8221;\u00bfEn qu\u00e9 consiste?&#8221; color=&#8221;#04a6bd&#8221; position=&#8221;left&#8221;][vc_column_text el_class=&#8221;.texto-justificado&#8221;]La\u00a0inducci\u00f3n miofascial o liberaci\u00f3n miofascial\u00a0es una terapia dirigida a las fascias del cuerpo e inderectamente al resto del aparato locomotor y tambi\u00e9n al resto de estructuras y v\u00edsceras.<\/p>\n<p>La\u00a0fascia\u00a0es un tejido conectivo que envuelve los m\u00fasculos, huesos y articulaciones, v\u00edsceras y estructuras nerviosas y vasculares, protegiendo y manteniendo la estructura del cuerpo unido, d\u00e1ndole la forma que tiene. Al mismo tiempo que separa un compartimento para cada estructura, los une entre s\u00ed de forma que todas las fascias del cuerpo est\u00e1n unidas en una red.<\/p>\n<p>Este tejido tiene un gran contenido en\u00a0col\u00e1geno\u00a0que puede sufrir\u00a0acortamiento y endurecimiento\u00a0(y con \u00e9l la estructura en la que est\u00e1 integrado) cuando determinadas fuerzas act\u00faan sobre \u00e9l. La acci\u00f3n de estos \u201ctraumatismos\u201d producen restricciones en la movilidad de las fascias que desembocan en alteraci\u00f3n de la funci\u00f3n y consecuente aparici\u00f3n de dolor.<\/p>\n<p>Como adem\u00e1s el sistema fascial del cuerpo forma una red ininterrumpida, la lesi\u00f3n en una parte de la fascia puede causar alteraciones en otras zonas distantes a trav\u00e9s de las compensaciones que hace el cuerpo para recuperar su equilibrio y mantener sus principios de econom\u00eda y no dolor. Estos \u201ctraumatismos\u201d que pueden afectar a la fascia pueden ser tanto impactos mec\u00e1nicos, golpes, ca\u00eddas, intervenciones quir\u00fargicas, como vicios posturales, estr\u00e9s y otras alteraciones emocionales.[\/vc_column_text][\/vc_column][\/vc_row][vc_row][vc_column width=&#8221;1\/2&#8243;][vc_single_image image=&#8221;2317&#8243; img_size=&#8221;full&#8221;][vc_empty_space][vc_single_image image=&#8221;2320&#8243; img_size=&#8221;full&#8221;][vc_empty_space][vc_single_image image=&#8221;2319&#8243; img_size=&#8221;full&#8221;][\/vc_column][vc_column width=&#8221;1\/2&#8243;][vc_column_text el_class=&#8221;.texto-justificado&#8221;]<strong>Caracter\u00edsticas de la disfunci\u00f3n miofascial<\/strong><\/p>\n<p>La\u00a0disfunci\u00f3n miofascial\u00a0tiene unas\u00a0caracter\u00edsticas\u00a0determinadas: suele ser un dolor sordo y dif\u00edcil de ubicar y describir y que con frecuencia es m\u00e1s intenso por la ma\u00f1ana, apareciendo con una cierta rigidez al despertar que va mejorando durante el d\u00eda; se acompa\u00f1a de dificultad para conciliar el sue\u00f1o y para mantenerlo, fatiga e incluso con tendencias at\u00f3picas. Las t\u00e9cnicas miofasciales aprovechan las propiedades coloidales del col\u00e1geno para influir en la forma de la fascia.<\/p>\n<p>Tambi\u00e9n busca liberar las restricciones que no dejan al colag\u00e9no presentar su verdadera estructura. \u00c9ste es capaz de volver a su forma l\u00edquida y maleable original mediante fuerzas externas, en concreto mediante fuerzas mantenidas de compresi\u00f3n o estiramiento. El objetivo, pues, de las maniobras ser\u00e1 eliminar restricciones locales, en el caso de las t\u00e9cnicas superficiales, y la liberaci\u00f3n de los componentes colagenosos, lo que se conseguir\u00e1 con las t\u00e9cnicas profundas.<\/p>\n<p>El paciente lo percibir\u00e1 como una presi\u00f3n suave de las manos del\u00a0fisioterapeuta\u00a0(esto se debe que situamos el contacto para realizar la t\u00e9cnica sobre las fascias m\u00e1s superficiales, situadas a nivel subd\u00e9rmico) y que se mantiene fija durante un determinado tiempo, imprescindible para inducir esos cambios en el col\u00e1geno.[\/vc_column_text][vc_empty_space][vc_column_text el_class=&#8221;.azul&#8221;]<\/p>\n<h4>Valor Tratamiento Kinesiolog\u00eda Integrativa<\/h4>\n<h4>Sesi\u00f3n de 1 hora $18.000<\/h4>\n<p>[\/vc_column_text][vc_empty_space][mnky_heading title=&#8221;Puedes solicitar tu reserva para Manejo de tejidos blandos&#8221;][vc_empty_space][vc_single_image image=&#8221;2069&#8243; img_size=&#8221;full&#8221; alignment=&#8221;center&#8221; onclick=&#8221;custom_link&#8221; css_animation=&#8221;fadeIn&#8221; link=&#8221;http:\/\/www.posture.cl\/site\/kinesiologia-integrativa\/manejo-de-tejidos-blandos-reserva\/&#8221;][\/vc_column][\/vc_row]<\/p>\n<\/div>","protected":false},"excerpt":{"rendered":"<p>[vc_row][vc_column][vc_gallery type=&#8221;image_grid&#8221; images=&#8221;2313,2314&#8243; img_size=&#8221;medium&#8221;][vc_empty_space][mnky_heading title=&#8221;\u00bfEn qu\u00e9 consiste?&#8221; color=&#8221;#04a6bd&#8221; position=&#8221;left&#8221;][vc_column_text el_class=&#8221;.texto-justificado&#8221;]La\u00a0inducci\u00f3n miofascial o liberaci\u00f3n miofascial\u00a0es una terapia dirigida a las fascias del cuerpo e inderectamente al resto del aparato locomotor y tambi\u00e9n al resto de estructuras y v\u00edsceras. La\u00a0fascia\u00a0es un tejido conectivo que envuelve los m\u00fasculos, huesos y articulaciones, v\u00edsceras y estructuras nerviosas y vasculares, protegiendo [&hellip;]<\/p>\n","protected":false},"author":1,"featured_media":2313,"parent":2292,"menu_order":0,"comment_status":"closed","ping_status":"closed","template":"page-left-sidebar.php","meta":{"footnotes":""},"_links":{"self":[{"href":"http:\/\/www.posture.cl\/site\/wp-json\/wp\/v2\/pages\/2309"}],"collection":[{"href":"http:\/\/www.posture.cl\/site\/wp-json\/wp\/v2\/pages"}],"about":[{"href":"http:\/\/www.posture.cl\/site\/wp-json\/wp\/v2\/types\/page"}],"author":[{"embeddable":true,"href":"http:\/\/www.posture.cl\/site\/wp-json\/wp\/v2\/users\/1"}],"replies":[{"embeddable":true,"href":"http:\/\/www.posture.cl\/site\/wp-json\/wp\/v2\/comments?post=2309"}],"version-history":[{"count":17,"href":"http:\/\/www.posture.cl\/site\/wp-json\/wp\/v2\/pages\/2309\/revisions"}],"predecessor-version":[{"id":2682,"href":"http:\/\/www.posture.cl\/site\/wp-json\/wp\/v2\/pages\/2309\/revisions\/2682"}],"up":[{"embeddable":true,"href":"http:\/\/www.posture.cl\/site\/wp-json\/wp\/v2\/pages\/2292"}],"wp:featuredmedia":[{"embeddable":true,"href":"http:\/\/www.posture.cl\/site\/wp-json\/wp\/v2\/media\/2313"}],"wp:attachment":[{"href":"http:\/\/www.posture.cl\/site\/wp-json\/wp\/v2\/media?parent=2309"}],"curies":[{"name":"wp","href":"https:\/\/api.w.org\/{rel}","templated":true}]}}