{"id":2683,"date":"2018-06-04T14:10:03","date_gmt":"2018-06-04T14:10:03","guid":{"rendered":"http:\/\/www.posture.cl\/site\/?page_id=2683"},"modified":"2018-07-18T00:41:27","modified_gmt":"2018-07-18T00:41:27","slug":"masoterapia","status":"publish","type":"page","link":"http:\/\/www.posture.cl\/site\/masinformacion\/masoterapia\/","title":{"rendered":"Masoterapia"},"content":{"rendered":"<div class=\"wpb-content-wrapper\"><p>[vc_row][vc_column][mnky_heading title=&#8221;Beneficios de la Masoterapia&#8221; color=&#8221;#04a6bd&#8221;][vc_empty_space][vc_column_text]El masaje es una terapia manual destinada a mejorar el bienestar de la persona ya que su m\u00e1ximo objetivo es aumentar la producci\u00f3n de endorfinas en nuestro cuerpo.<\/p>\n<p>El masaje es un m\u00e9todo de valoraci\u00f3n y tratamiento manual de aquellas partes del cuerpo humano que presentan alguna dolencia, o susceptibles de presentarla, con el objetivo de mejorar el dolor, reducir o eliminar tensiones musculares, mejorar la circulaci\u00f3n sangu\u00ednea y linf\u00e1tica y conseguir un alivio del estr\u00e9s, la ansiedad y las tensiones del d\u00eda a d\u00eda.<\/p>\n<p>En resumen, el objetivo principal del Masaje Relajante es aliviar la tensi\u00f3n y conseguir un estado mental de relajaci\u00f3n, priorizando las manipulaciones y los pases suaves por encima de los movimientos bruscos y fuertes, m\u00e1s reservados para el masaje terap\u00e9utico o el descontracturante.[\/vc_column_text][\/vc_column][\/vc_row][vc_row][vc_column width=&#8221;1\/4&#8243;][vc_single_image image=&#8221;2710&#8243; img_size=&#8221;full&#8221;][\/vc_column][vc_column width=&#8221;3\/4&#8243;][vc_column_text]<strong>Masaje de relajacion:<\/strong> \u00a0anti\u00a0estr\u00e9s, alivia el\u00a0estr\u00e9s\u00a0emocional, descontractura y relaja los m\u00fasculos, ya que aumenta la circulaci\u00f3n de la sangre, eliminando los productos de desecho\u00a0acumulados\u00a0en el torrente\u00a0sangu\u00edneo. A nivel del aparato circulatorio, reduce el ritmo card\u00edaco y disminuye la presi\u00f3n sangu\u00ednea.[\/vc_column_text][\/vc_column][\/vc_row][vc_row][vc_column width=&#8221;1\/4&#8243;][vc_single_image image=&#8221;2711&#8243; img_size=&#8221;full&#8221;][\/vc_column][vc_column width=&#8221;3\/4&#8243;][vc_column_text]<strong>Masaje descontracturante:<\/strong> Activa la circulaci\u00f3n sangu\u00ednea\u00a0y de la linfa, libera endorfinas, relaja y ayuda a dormir bien y favorece al sistema nervioso, alivia migra\u00f1as y dolores cabeza, disminuye\u00a0la fatiga muscular y los m\u00fasculos\u00a0recuperan elasticidad y movilidad, refuerza el sistema inmunol\u00f3gico.[\/vc_column_text][\/vc_column][\/vc_row][vc_row][vc_column width=&#8221;1\/4&#8243;][vc_single_image image=&#8221;2712&#8243; img_size=&#8221;full&#8221;][\/vc_column][vc_column width=&#8221;3\/4&#8243;][vc_column_text]<strong>Masaje Deportivo:<\/strong> mejora la circulaci\u00f3n sangu\u00ednea y\u00a0linf\u00e1tica, alivia los\u00a0espasmos musculares, descompone adherencias y tejido, cicatrizaci\u00f3n de lesiones previas y acelera la recuperaci\u00f3n causada por la fatiga muscular, entre otros muchos beneficios. Se usa una t\u00e9cnica manual en diferentes momentos de la preparaci\u00f3n y competici\u00f3n: mantenimiento, precompetitivo, poscompetici\u00f3n y recuperaci\u00f3n[\/vc_column_text][\/vc_column][\/vc_row][vc_row][vc_column width=&#8221;1\/4&#8243;][vc_single_image image=&#8221;2713&#8243; img_size=&#8221;full&#8221;][\/vc_column][vc_column width=&#8221;3\/4&#8243;][vc_column_text]<strong>Masajes Est\u00e9tico<\/strong><strong>: <\/strong>Los masajes reductivos pueden aportar una serie de grandes beneficios para el cuerpo humano, como evitar la acumulaci\u00f3n de grasa en ciertas partes del cuerpo, gracias a la estimulaci\u00f3n del flujo sangu\u00edneo en determinadas zonas. Adem\u00e1s ayuda con la estilizaci\u00f3n del cuerpo, provocando que las siluetas se vean mucho m\u00e1s definidas y est\u00e9ticas. Se caracterizan por llevarse a cabo con m\u00e9todos donde la presi\u00f3n sobre el cuerpo se ve aumentada y la velocidad acelerada, en comparaci\u00f3n con los masajes tradicionales.[\/vc_column_text][\/vc_column][\/vc_row][vc_row][vc_column width=&#8221;1\/4&#8243;][\/vc_column][vc_column width=&#8221;3\/4&#8243;][vc_column_text el_class=&#8221;.azul&#8221;]<\/p>\n<h4>Valor de\u00a0Masoterapia<\/h4>\n<h4>Sesi\u00f3n de 1 hora $15.000<\/h4>\n<p>[\/vc_column_text][vc_empty_space][mnky_heading title=&#8221;Puedes solicitar tu reserva para Masoterapia&#8221;][vc_empty_space][vc_single_image image=&#8221;2069&#8243; img_size=&#8221;full&#8221; alignment=&#8221;center&#8221; onclick=&#8221;custom_link&#8221; css_animation=&#8221;fadeIn&#8221; link=&#8221;http:\/\/www.posture.cl\/site\/servicios\/masoterapia-reservas\/&#8221;][\/vc_column][\/vc_row]<\/p>\n<\/div>","protected":false},"excerpt":{"rendered":"<p>[vc_row][vc_column][mnky_heading title=&#8221;Beneficios de la Masoterapia&#8221; color=&#8221;#04a6bd&#8221;][vc_empty_space][vc_column_text]El masaje es una terapia manual destinada a mejorar el bienestar de la persona ya que su m\u00e1ximo objetivo es aumentar la producci\u00f3n de endorfinas en nuestro cuerpo. El masaje es un m\u00e9todo de valoraci\u00f3n y tratamiento manual de aquellas partes del cuerpo humano que presentan alguna dolencia, o susceptibles [&hellip;]<\/p>\n","protected":false},"author":1,"featured_media":2620,"parent":1905,"menu_order":0,"comment_status":"closed","ping_status":"closed","template":"","meta":{"footnotes":""},"_links":{"self":[{"href":"http:\/\/www.posture.cl\/site\/wp-json\/wp\/v2\/pages\/2683"}],"collection":[{"href":"http:\/\/www.posture.cl\/site\/wp-json\/wp\/v2\/pages"}],"about":[{"href":"http:\/\/www.posture.cl\/site\/wp-json\/wp\/v2\/types\/page"}],"author":[{"embeddable":true,"href":"http:\/\/www.posture.cl\/site\/wp-json\/wp\/v2\/users\/1"}],"replies":[{"embeddable":true,"href":"http:\/\/www.posture.cl\/site\/wp-json\/wp\/v2\/comments?post=2683"}],"version-history":[{"count":20,"href":"http:\/\/www.posture.cl\/site\/wp-json\/wp\/v2\/pages\/2683\/revisions"}],"predecessor-version":[{"id":2763,"href":"http:\/\/www.posture.cl\/site\/wp-json\/wp\/v2\/pages\/2683\/revisions\/2763"}],"up":[{"embeddable":true,"href":"http:\/\/www.posture.cl\/site\/wp-json\/wp\/v2\/pages\/1905"}],"wp:featuredmedia":[{"embeddable":true,"href":"http:\/\/www.posture.cl\/site\/wp-json\/wp\/v2\/media\/2620"}],"wp:attachment":[{"href":"http:\/\/www.posture.cl\/site\/wp-json\/wp\/v2\/media?parent=2683"}],"curies":[{"name":"wp","href":"https:\/\/api.w.org\/{rel}","templated":true}]}}